{"id":108,"date":"2017-12-09T23:22:30","date_gmt":"2017-12-09T22:22:30","guid":{"rendered":"http:\/\/hairwes.com\/?page_id=108"},"modified":"2025-09-03T12:57:40","modified_gmt":"2025-09-03T10:57:40","slug":"dermopigmentation-capillaire","status":"publish","type":"page","link":"https:\/\/hairwes.com\/index.php\/dermopigmentation-capillaire\/","title":{"rendered":"Contact"},"content":{"rendered":"<div id=\"pl-108\"  class=\"panel-layout\" ><div id=\"pg-108-0\"  class=\"panel-grid panel-has-style\" ><div class=\"siteorigin-panels-stretch panel-row-style panel-row-style-for-108-0\" data-stretch-type=\"full\" ><div id=\"pgc-108-0-0\"  class=\"panel-grid-cell\" ><div id=\"panel-108-0-0-0\" class=\"so-panel widget widget_black-studio-tinymce widget_black_studio_tinymce panel-first-child panel-last-child\" data-index=\"0\" ><div class=\"textwidget\"><p style=\"text-align: center;\"><span class=\"contact-titre1\">Contact<\/span><\/p>\n<p><img loading=\"lazy\" decoding=\"async\" class=\"wp-image-1479 aligncenter\" src=\"http:\/\/hairwes.com\/wp-content\/uploads\/2018\/03\/clinique-hair-wes.jpg\" alt=\"\" width=\"722\" height=\"336\" srcset=\"https:\/\/hairwes.com\/wp-content\/uploads\/2018\/03\/clinique-hair-wes.jpg 723w, https:\/\/hairwes.com\/wp-content\/uploads\/2018\/03\/clinique-hair-wes-300x139.jpg 300w\" sizes=\"auto, (max-width: 722px) 100vw, 722px\" \/><\/p>\n<p style=\"text-align: center;\"><span class=\"contact-titre2\">Nous sommes \u00e0 votre \u00e9coute.<\/span><\/p>\n<\/div><\/div><\/div><\/div><\/div><div id=\"pg-108-1\"  class=\"panel-grid panel-no-style\" ><div id=\"pgc-108-1-0\"  class=\"panel-grid-cell\" ><div id=\"panel-108-1-0-0\" class=\"so-panel widget widget_black-studio-tinymce widget_black_studio_tinymce panel-first-child panel-last-child\" data-index=\"1\" ><div class=\"textwidget\"><hr \/>\n<p style=\"text-align: center;\"><strong><span style=\"color: #000000;\">Cabinet : Courbevoie 92<\/span><\/strong><\/p>\n<hr \/>\n<p style=\"text-align: center;\"><span style=\"color: #000000;\">8 rue Pierre Lhomme<\/span><\/p>\n<p style=\"text-align: center;\"><span style=\"color: #000000;\">92400 Courbevoie<\/span><\/p>\n<p style=\"text-align: center;\"><span style=\"color: #000000;\">hairwesclinic@hotmail.com<\/span><\/p>\n<p style=\"text-align: center;\"><a data-rel=\"external\" href=\"tel:0624809022\" target =\"_blank\">06.24.80.90.22<\/a><\/p>\n<\/div><\/div><\/div><div id=\"pgc-108-1-1\"  class=\"panel-grid-cell\" ><div id=\"panel-108-1-1-0\" class=\"so-panel widget widget_black-studio-tinymce widget_black_studio_tinymce panel-first-child panel-last-child\" data-index=\"2\" ><div class=\"textwidget\"><hr \/>\n<p style=\"text-align: center;\"><strong><span style=\"color: #000000;\">Comment vous rendre chez Hair Wes<\/span><\/strong><\/p>\n<hr \/>\n<p style=\"text-align: center;\"><strong><span style=\"color: #000000;\">Gare :<\/span><\/strong> <span style=\"color: #000000;\">Courbevoie<\/span><\/p>\n<p style=\"text-align: center;\"><span style=\"color: #000000;\">(A 2 arr\u00eats de la gare Paris Saint-Lazare)\u00a0<\/span><\/p>\n<p style=\"text-align: center;\"><strong><span style=\"color: #000000;\">Voiture :<\/span><\/strong> <span style=\"color: #000000;\">A 86<\/span><\/p>\n<h5 style=\"text-align: center;\"><span style=\"color: #000000;\">\u00a0(A 8 minutes\u00a0du quartier d'affaires de la D\u00e9fense)<\/span><\/h5>\n<\/div><\/div><\/div><div id=\"pgc-108-1-2\"  class=\"panel-grid-cell\" ><div id=\"panel-108-1-2-0\" class=\"so-panel widget widget_black-studio-tinymce widget_black_studio_tinymce panel-first-child panel-last-child\" data-index=\"3\" ><div class=\"textwidget\"><hr \/>\n<p style=\"text-align: center;\"><strong><span style=\"color: #000000;\">Heures d'ouverture<\/span><\/strong><\/p>\n<hr \/>\n<p style=\"text-align: center;\"><span style=\"color: #000000;\">Ferm\u00e9 le lundi<\/span><\/p>\n<p style=\"text-align: center;\"><span style=\"color: #000000;\">09h00 - 18h00 |\u00a0Mardi - vendredi\u00a0<\/span><\/p>\n<p style=\"text-align: center;\"><span style=\"color: #000000;\">9h00 - 16h00 |\u00a0* Samedi\u00a0<\/span><\/p>\n<p style=\"text-align: center;\"><span style=\"color: #000000;\">Sur RDV<\/span><\/p>\n<\/div><\/div><\/div><\/div><div id=\"pg-108-2\"  class=\"panel-grid panel-has-style\" ><div class=\"siteorigin-panels-stretch panel-row-style panel-row-style-for-108-2\" data-stretch-type=\"full\" ><div id=\"pgc-108-2-0\"  class=\"panel-grid-cell\" ><div id=\"panel-108-2-0-0\" class=\"so-panel widget widget_black-studio-tinymce widget_black_studio_tinymce panel-first-child panel-last-child\" data-index=\"4\" ><div class=\"textwidget\"><div class=\"map-responsive\">\n<iframe loading=\"lazy\" src=\"https:\/\/www.google.com\/maps\/embed?pb=!1m18!1m12!1m3!1d2622.9388270264308!2d2.2493343156757724!3d48.897502979291346!2m3!1f0!2f0!3f0!3m2!1i1024!2i768!4f13.1!3m3!1m2!1s0x47e66509ee455673%3A0xf8af1b3af26b7159!2s8+Rue+Pierre+Lhomme%2C+92400+Courbevoie!5e0!3m2!1sfr!2sfr!4v1542718570526\" width=\"400\" height=\"300\" frameborder=\"0\" style=\"border:0\" allowfullscreen><\/iframe>\n<\/div>\n<\/div><\/div><\/div><\/div><\/div><div id=\"pg-108-3\"  class=\"panel-grid panel-has-style\" ><div class=\"siteorigin-panels-stretch panel-row-style panel-row-style-for-108-3\" data-stretch-type=\"full-width-stretch\" ><div id=\"pgc-108-3-0\"  class=\"panel-grid-cell\" ><div id=\"panel-108-3-0-0\" class=\"so-panel widget widget_black-studio-tinymce widget_black_studio_tinymce panel-first-child panel-last-child\" data-index=\"5\" ><div class=\"textwidget\"><hr \/>\n<h3 style=\"text-align: center;\"><strong><span style=\"color: #000000;\">Vous d\u00e9sirez obtenir un devis gratuit et personnalis\u00e9 ?<\/span><\/strong><\/h3>\n<hr \/>\n<\/div><\/div><\/div><\/div><\/div><div id=\"pg-108-4\"  class=\"panel-grid panel-has-style\" ><div class=\"siteorigin-panels-stretch panel-row-style panel-row-style-for-108-4\" data-stretch-type=\"full-width-stretch\" ><div id=\"pgc-108-4-0\"  class=\"panel-grid-cell\" ><div id=\"panel-108-4-0-0\" class=\"so-panel widget widget_black-studio-tinymce widget_black_studio_tinymce panel-first-child panel-last-child\" data-index=\"6\" ><div class=\"textwidget\"><p style=\"text-align: center;\"><span style=\"color: #000000;\">Hair Wes \u00e9tudie les demandes au cas par cas.<\/span><\/p>\n<p style=\"text-align: center;\"><strong><span style=\"color: #000000;\">Car chaque personne est unique !<\/span><\/strong><\/p>\n<\/div><\/div><\/div><\/div><\/div><div id=\"pg-108-5\"  class=\"panel-grid panel-has-style\" ><div class=\"siteorigin-panels-stretch panel-row-style panel-row-style-for-108-5\" data-stretch-type=\"full-width-stretch\" ><div id=\"pgc-108-5-0\"  class=\"panel-grid-cell\" ><div id=\"panel-108-5-0-0\" class=\"so-panel widget widget_black-studio-tinymce widget_black_studio_tinymce panel-first-child panel-last-child\" data-index=\"7\" ><div class=\"textwidget\"><hr \/>\n<h3 style=\"text-align: center;\"><strong><span style=\"color: #000000;\">Vous pouvez contacter Hair Wes par ces diff\u00e9rents moyens :<\/span><\/strong><\/h3>\n<hr \/>\n<\/div><\/div><\/div><\/div><\/div><div id=\"pg-108-6\"  class=\"panel-grid panel-no-style\" ><div id=\"pgc-108-6-0\"  class=\"panel-grid-cell\" ><div id=\"panel-108-6-0-0\" class=\"so-panel widget widget_black-studio-tinymce widget_black_studio_tinymce panel-first-child panel-last-child\" data-index=\"8\" ><div class=\"textwidget\"><p style=\"text-align: center;\"><span style=\"color: #000000;\"><strong>T\u00e9l\u00e9phone :<\/strong><\/span><\/p>\n<p style=\"text-align: center;\"><a data-rel=\"external\" href=\"tel:0624809022\" target =\"_blank\">06.24.80.90.22<\/a><\/p>\n<p style=\"text-align: center;\"><span style=\"color: #000000;\">Vous pourrez ainsi \u00e9changer directement avec un praticien ou \u00eatre rappel\u00e9 dans les plus brefs d\u00e9lais.<\/span><\/p>\n<p style=\"text-align: center;\"><span style=\"color: #000000;\">Vous aurez \u00e9galement la possibilit\u00e9 gr\u00e2ce \u00e0 cette ligne t\u00e9l\u00e9phonique de nous envoyer vos photos via SMS ou via l'application mobile multiplateforme WhatsApp gr\u00e2ce \u00e0 laquelle vous pourrez b\u00e9n\u00e9ficier d'un premier retour de vive voix.<\/span><\/p>\n<p style=\"text-align: center;\"><img loading=\"lazy\" decoding=\"async\" class=\"aligncenter wp-image-1026\" src=\"http:\/\/hairwes.com\/wp-content\/uploads\/2018\/01\/ligne-sep.png\" alt=\"\" width=\"101\" height=\"18\" srcset=\"https:\/\/hairwes.com\/wp-content\/uploads\/2018\/01\/ligne-sep.png 370w, https:\/\/hairwes.com\/wp-content\/uploads\/2018\/01\/ligne-sep-300x54.png 300w\" sizes=\"auto, (max-width: 101px) 100vw, 101px\" \/><\/p>\n<p style=\"text-align: center;\"><span style=\"color: #000000;\"><strong>Par Mail :<\/strong> <\/span><\/p>\n<p style=\"text-align: center;\"><a href=\"mailto:hairwesclinic@hotmail.com\">hairwesclinic@hotmail.com<\/a><\/p>\n<p style=\"text-align: center;\"><span style=\"color: #000000;\">En nous joignant quelques photos et en nous laissant vos coordonn\u00e9es t\u00e9l\u00e9phoniques afin de pouvoir \u00eatre rappel\u00e9 rapidement par la clinique Hair Wes.<\/span><\/p>\n<p style=\"text-align: center;\"><img loading=\"lazy\" decoding=\"async\" class=\"aligncenter wp-image-1026\" src=\"http:\/\/hairwes.com\/wp-content\/uploads\/2018\/01\/ligne-sep.png\" alt=\"\" width=\"101\" height=\"18\" srcset=\"https:\/\/hairwes.com\/wp-content\/uploads\/2018\/01\/ligne-sep.png 370w, https:\/\/hairwes.com\/wp-content\/uploads\/2018\/01\/ligne-sep-300x54.png 300w\" sizes=\"auto, (max-width: 101px) 100vw, 101px\" \/><\/p>\n<p style=\"text-align: center;\"><strong><span style=\"color: #000000;\">Via notre formulaire de contact :<\/span><\/strong><\/p>\n<p style=\"text-align: center;\"><span style=\"color: #000000;\">Remplissez le formulaire ci-dessous.<\/span><\/p>\n<p style=\"text-align: center;\"><span style=\"color: #000000;\">Un praticien Hair Wes vous contactera dans les meilleurs d\u00e9lais !\u00a0<\/span><\/p>\n<\/div><\/div><\/div><\/div><div id=\"pg-108-7\"  class=\"panel-grid panel-has-style\" ><div class=\"siteorigin-panels-stretch panel-row-style panel-row-style-for-108-7\" data-stretch-type=\"full\" ><div id=\"pgc-108-7-0\"  class=\"panel-grid-cell\" ><div id=\"panel-108-7-0-0\" class=\"so-panel widget widget_black-studio-tinymce widget_black_studio_tinymce panel-first-child panel-last-child\" data-index=\"9\" ><div class=\"textwidget\"><h3 style=\"text-align: center;\"><strong><span style=\"color: #000000;\">Rejoignez-nous sur les r\u00e9seaux sociaux :<\/span><\/strong><\/h3>\n<p><a href=\"https:\/\/www.instagram.com\/hairwesclinic\/\" target=\"_blank\" rel=\"noopener\"><img loading=\"lazy\" decoding=\"async\" class=\"wp-image-135 aligncenter\" src=\"http:\/\/hairwes.com\/wp-content\/uploads\/2017\/12\/Instagram.png\" alt=\"\" width=\"54\" height=\"62\" srcset=\"https:\/\/hairwes.com\/wp-content\/uploads\/2017\/12\/Instagram.png 356w, https:\/\/hairwes.com\/wp-content\/uploads\/2017\/12\/Instagram-264x300.png 264w, https:\/\/hairwes.com\/wp-content\/uploads\/2017\/12\/Instagram-300x341.png 300w\" sizes=\"auto, (max-width: 54px) 100vw, 54px\" \/><\/a><\/p>\n<p><a href=\"https:\/\/www.youtube.com\/channel\/UC8eBpaZsbSNjmQvWkD3wuog\" target=\"_blank\" rel=\"noopener\"><img loading=\"lazy\" decoding=\"async\" class=\"wp-image-136 aligncenter\" src=\"http:\/\/hairwes.com\/wp-content\/uploads\/2017\/12\/Youtube.png\" alt=\"\" width=\"54\" height=\"62\" srcset=\"https:\/\/hairwes.com\/wp-content\/uploads\/2017\/12\/Youtube.png 356w, https:\/\/hairwes.com\/wp-content\/uploads\/2017\/12\/Youtube-264x300.png 264w, https:\/\/hairwes.com\/wp-content\/uploads\/2017\/12\/Youtube-300x341.png 300w\" sizes=\"auto, (max-width: 54px) 100vw, 54px\" \/><\/a><\/p>\n<h3 style=\"text-align: center;\"><strong><span style=\"color: #000000;\">Soyez les premiers inform\u00e9s de nos derni\u00e8res publications!<\/span><\/strong><\/h3>\n<p>&nbsp;<\/p>\n<p style=\"text-align: center;\"><strong><span style=\"color: #000000;\"><img loading=\"lazy\" decoding=\"async\" class=\"alignnone wp-image-1937\" src=\"https:\/\/hairwes.com\/wp-content\/uploads\/2019\/11\/tricopigmentation-02.jpg\" alt=\"tricopigmentation 02\" width=\"520\" height=\"260\" srcset=\"https:\/\/hairwes.com\/wp-content\/uploads\/2019\/11\/tricopigmentation-02.jpg 1200w, https:\/\/hairwes.com\/wp-content\/uploads\/2019\/11\/tricopigmentation-02-300x150.jpg 300w, https:\/\/hairwes.com\/wp-content\/uploads\/2019\/11\/tricopigmentation-02-768x384.jpg 768w, https:\/\/hairwes.com\/wp-content\/uploads\/2019\/11\/tricopigmentation-02-1024x512.jpg 1024w\" sizes=\"auto, (max-width: 520px) 100vw, 520px\" \/><\/span><\/strong><\/p>\n<h3 style=\"text-align: center;\"><strong><span style=\"color: #000000;\">Hair Wes vous remercie de votre visite.<\/span><\/strong><\/h3>\n<\/div><\/div><\/div><div id=\"pgc-108-7-1\"  class=\"panel-grid-cell\" ><div id=\"panel-108-7-1-0\" class=\"so-panel widget widget_black-studio-tinymce widget_black_studio_tinymce panel-first-child panel-last-child\" data-index=\"10\" ><div class=\"textwidget\"><p>\n<div class=\"wpcf7 no-js\" id=\"wpcf7-f2096-o1\" lang=\"fr-FR\" dir=\"ltr\" data-wpcf7-id=\"2096\">\n<div class=\"screen-reader-response\"><p role=\"status\" aria-live=\"polite\" aria-atomic=\"true\"><\/p> <ul><\/ul><\/div>\n<form action=\"\/index.php\/wp-json\/wp\/v2\/pages\/108#wpcf7-f2096-o1\" method=\"post\" class=\"wpcf7-form init\" aria-label=\"Formulaire de contact\" novalidate=\"novalidate\" data-status=\"init\">\n<fieldset class=\"hidden-fields-container\"><input type=\"hidden\" name=\"_wpcf7\" value=\"2096\" \/><input type=\"hidden\" name=\"_wpcf7_version\" value=\"6.1.1\" \/><input type=\"hidden\" name=\"_wpcf7_locale\" value=\"fr_FR\" \/><input type=\"hidden\" name=\"_wpcf7_unit_tag\" value=\"wpcf7-f2096-o1\" \/><input type=\"hidden\" name=\"_wpcf7_container_post\" value=\"0\" \/><input type=\"hidden\" name=\"_wpcf7_posted_data_hash\" value=\"\" \/><input type=\"hidden\" name=\"_wpcf7_recaptcha_response\" value=\"\" \/>\n<\/fieldset>\n<p><label> Votre nom (obligatoire)<br \/>\n<span class=\"wpcf7-form-control-wrap\" data-name=\"your-name\"><input size=\"40\" maxlength=\"400\" class=\"wpcf7-form-control wpcf7-text wpcf7-validates-as-required\" aria-required=\"true\" aria-invalid=\"false\" value=\"\" type=\"text\" name=\"your-name\" \/><\/span> <\/label>\n<\/p>\n<p><label> Votre \u00e2ge (obligatoire)<br \/>\n<span class=\"wpcf7-form-control-wrap\" data-name=\"your-age\"><input size=\"40\" maxlength=\"400\" class=\"wpcf7-form-control wpcf7-text wpcf7-validates-as-required\" aria-required=\"true\" aria-invalid=\"false\" value=\"\" type=\"text\" name=\"your-age\" \/><\/span> <\/label>\n<\/p>\n<p><label> Votre adresse de messagerie (obligatoire)<br \/>\n<span class=\"wpcf7-form-control-wrap\" data-name=\"your-email\"><input size=\"40\" maxlength=\"400\" class=\"wpcf7-form-control wpcf7-email wpcf7-validates-as-required wpcf7-text wpcf7-validates-as-email\" aria-required=\"true\" aria-invalid=\"false\" value=\"\" type=\"email\" name=\"your-email\" \/><\/span> <\/label>\n<\/p>\n<p><label> Votre t\u00e9l\u00e9phone (obligatoire)<br \/>\n<span class=\"wpcf7-form-control-wrap\" data-name=\"your-tel\"><input size=\"40\" maxlength=\"400\" class=\"wpcf7-form-control wpcf7-text wpcf7-validates-as-required\" aria-required=\"true\" aria-invalid=\"false\" value=\"\" type=\"text\" name=\"your-tel\" \/><\/span> <\/label>\n<\/p>\n<p><label> Votre message<br \/>\n<span class=\"wpcf7-form-control-wrap\" data-name=\"your-message\"><textarea cols=\"40\" rows=\"10\" maxlength=\"2000\" class=\"wpcf7-form-control wpcf7-textarea\" aria-invalid=\"false\" name=\"your-message\"><\/textarea><\/span> <\/label>\n<\/p>\n<p>&nbsp;\n<\/p>\n<p><input class=\"wpcf7-form-control wpcf7-submit has-spinner\" type=\"submit\" value=\"Envoyer\" \/>\n<\/p><div class=\"wpcf7-response-output\" aria-hidden=\"true\"><\/div>\n<\/form>\n<\/div>\n<\/p>\n<\/div><\/div><\/div><\/div><\/div><\/div>","protected":false},"excerpt":{"rendered":"<p>Contact Nous sommes \u00e0 votre \u00e9coute. Cabinet : Courbevoie 92 8 rue Pierre Lhomme 92400 Courbevoie hairwesclinic@hotmail.com 06.24.80.90.22 Comment vous rendre chez Hair Wes Gare : Courbevoie (A 2 arr\u00eats de la gare Paris Saint-Lazare)\u00a0 Voiture : A 86 \u00a0(A 8 minutes\u00a0du quartier d&rsquo;affaires de la D\u00e9fense) Heures d&rsquo;ouverture Ferm\u00e9 le lundi 09h00 &#8211; 18h00&#8230;<\/p>\n","protected":false},"author":1,"featured_media":0,"parent":0,"menu_order":0,"comment_status":"closed","ping_status":"closed","template":"full-width-page.php","meta":{"jetpack_post_was_ever_published":false,"footnotes":""},"class_list":["post-108","page","type-page","status-publish","hentry"],"jetpack_sharing_enabled":true,"jetpack_shortlink":"https:\/\/wp.me\/P9qEsN-1K","_links":{"self":[{"href":"https:\/\/hairwes.com\/index.php\/wp-json\/wp\/v2\/pages\/108","targetHints":{"allow":["GET"]}}],"collection":[{"href":"https:\/\/hairwes.com\/index.php\/wp-json\/wp\/v2\/pages"}],"about":[{"href":"https:\/\/hairwes.com\/index.php\/wp-json\/wp\/v2\/types\/page"}],"author":[{"embeddable":true,"href":"https:\/\/hairwes.com\/index.php\/wp-json\/wp\/v2\/users\/1"}],"replies":[{"embeddable":true,"href":"https:\/\/hairwes.com\/index.php\/wp-json\/wp\/v2\/comments?post=108"}],"version-history":[{"count":9,"href":"https:\/\/hairwes.com\/index.php\/wp-json\/wp\/v2\/pages\/108\/revisions"}],"predecessor-version":[{"id":2872,"href":"https:\/\/hairwes.com\/index.php\/wp-json\/wp\/v2\/pages\/108\/revisions\/2872"}],"wp:attachment":[{"href":"https:\/\/hairwes.com\/index.php\/wp-json\/wp\/v2\/media?parent=108"}],"curies":[{"name":"wp","href":"https:\/\/api.w.org\/{rel}","templated":true}]}}